{"id":2,"date":"2023-04-14T12:22:33","date_gmt":"2023-04-14T12:22:33","guid":{"rendered":"https:\/\/staretloki.85studio.pl\/?page_id=2"},"modified":"2023-05-20T22:11:55","modified_gmt":"2023-05-20T22:11:55","slug":"rajd","status":"publish","type":"page","link":"https:\/\/staretloki.85studio.pl\/index.php\/rajd\/","title":{"rendered":"I Rajd Starych T\u0142ok\u00f3w"},"content":{"rendered":"\n<figure class=\"wp-block-image size-large\"><img loading=\"lazy\" decoding=\"async\" width=\"1024\" height=\"512\" src=\"https:\/\/staretloki.85studio.pl\/wp-content\/uploads\/2023\/04\/fb_1_rajd_03_new-1024x512.png\" alt=\"\" class=\"wp-image-80\" srcset=\"https:\/\/staretloki.85studio.pl\/wp-content\/uploads\/2023\/04\/fb_1_rajd_03_new-1024x512.png 1024w, https:\/\/staretloki.85studio.pl\/wp-content\/uploads\/2023\/04\/fb_1_rajd_03_new-600x300.png 600w, https:\/\/staretloki.85studio.pl\/wp-content\/uploads\/2023\/04\/fb_1_rajd_03_new-300x150.png 300w, https:\/\/staretloki.85studio.pl\/wp-content\/uploads\/2023\/04\/fb_1_rajd_03_new-768x384.png 768w, https:\/\/staretloki.85studio.pl\/wp-content\/uploads\/2023\/04\/fb_1_rajd_03_new-1536x768.png 1536w, https:\/\/staretloki.85studio.pl\/wp-content\/uploads\/2023\/04\/fb_1_rajd_03_new-2048x1024.png 2048w\" sizes=\"auto, (max-width: 1024px) 100vw, 1024px\" \/><\/figure>\n\n\n\n<p style=\"font-size:28px\"><strong>Zapraszamy wszystkich ch\u0119tnych do zg\u0142oszenia udzia\u0142u w I Rajdzie Starych T\u0142ok\u00f3w. <\/strong><\/p>\n\n\n\n<p><strong>Startujemy w sobot\u0119 27 maja z O\u015brodka &#8222;Przy Patykach&#8221;, Kolonia \u0141obudzice 18c, 97-425 ko\u0142o Zelowa<\/strong>. <br>Do pokonania mamy oko\u0142o 150km, po drodze czekaj\u0105 na Was r\u00f3\u017cne zadania do wykonania. Rajd zako\u0144czy si\u0119 r\u00f3wnie\u017c w O\u015brodku &#8222;Przy Patykach&#8221;. Po drodze b\u0119dzie troch\u0119 historii i troch\u0119 natury, b\u0119dzie asfalt i szutry, ale przede wszystkim du\u017co \u015bwietnej, starej motoryzacji. Zabierzcie rodzin\u0119 i znajomych, we\u017acie ze sob\u0105 swoje pociechy i du\u017co dobrego humoru!<\/p>\n\n\n\n<p>Wszystkich ch\u0119tnych zapraszamy te\u017c do wsp\u00f3lnej integracji przy ognisku w O\u015brodku &#8222;Przy Patykach&#8221; po zako\u0144czeniu rajdu.<br>Dla ch\u0119tnych: Jest mo\u017cliwo\u015b\u0107 noclegu, mimo, \u017ce O\u015brodek nie dysponuje typowym polem namiotowym, co wi\u0105\u017ce si\u0119 z brakiem skrzynek pr\u0105dowych czy dedykowanymi prysznicami. Je\u015bli takie niedogodno\u015bci nie b\u0119d\u0105 dla Was przeszkod\u0105 mile widziane s\u0105 namioty, przyczepy kempingowe i kampery. <br>Ponadto jest mo\u017cliwo\u015b\u0107 wynaj\u0119cia domk\u00f3w.<\/p>\n\n\n\n<p style=\"font-size:27px\"><strong>Wa\u017cne info o rajdzie:<\/strong><\/p>\n\n\n\n<p><strong>1<\/strong>. Zapraszamy wszystkich ze starymi lub unikatowymi\/wyj\u0105tkowymi pojazdami. (zar\u00f3wno samochody, motocykle jak i rowery &#8211; je\u015bli dacie rad\u0119 oczywi\u015bcie!)<br><strong>2.<\/strong> Na rajd obowi\u0105zywa\u0107 b\u0119d\u0105 zapisy. Zg\u0142oszenie wysy\u0142a tylko KIEROWCA\/W\u0141A\u015aCICIEL POJAZDU, kt\u00f3ry jest jednocze\u015bnie LIDEREM ZA\u0141OGI za pomoc\u0105 formularza poni\u017cej. Przyj\u0119cie lub odrzucenie zg\u0142oszenia otrzymacie od nas na maila w informacji zwrotnej. Zg\u0142oszenia przyjmujemy do 20\/05\/2023 godz 23:59 :).<br><strong>3.<\/strong> Nie obowi\u0105zuje \u017cadne wpisowe, udzia\u0142 w wydarzeniu jest bezp\u0142atny.<br><strong>4.<\/strong> Na starcie ka\u017cdy zesp\u00f3\u0142 otrzyma indywidualne numery startowe do naklejenia na sw\u00f3j pojazd, oraz paszport rajdu, z kt\u00f3rego dowiecie si\u0119 jaka jest trasa rajdu i jakie s\u0105 zadania do wykonania. Wystartujemy w godzinach przedpo\u0142udniowych, zarezerwujcie ca\u0142y dzie\u0144. Dok\u0142adna godzina startu zostanie przedstawiona w niedziel\u0119 21.05.2023 po zamkni\u0119ciu zapis\u00f3w. <br><strong>5<\/strong>. Nie \u015bcigamy si\u0119 na czas, to nie s\u0105 zawody sportowe. Spotykamy si\u0119 dla dobrej zabawy. Je\u015bli macie tak\u0105 mo\u017cliwo\u015b\u0107 zaplanujcie z nami wsp\u00f3lny wiecz\u00f3r po zako\u0144czeniu rajdu.<\/p>\n\n\n\n<p>Kolejne szczeg\u00f3\u0142y wkr\u00f3tce!<br>Zaplanujcie urlopy i szykujcie swoje maszyny!<br>Do zobaczenia!<\/p>\n\n\n\n<p style=\"font-size:31px\"><br><\/p>\n\n\n\n<p class=\"has-link-color wp-elements-38941da460ef26a722103e8640d23472\"><strong>Regulamin I Rajdu Starych T\u0142ok\u00f3w<\/strong> &#8211; <a rel=\"noreferrer noopener\" href=\"https:\/\/staretloki.85studio.pl\/wp-content\/uploads\/2023\/04\/regulamin-rajd-BP_new.pdf\" data-type=\"URL\" data-id=\"https:\/\/staretloki.85studio.pl\/wp-content\/uploads\/2023\/04\/regulamin-rajd-BP_new.pdf\" target=\"_blank\">pobierz PDF<\/a> <a rel=\"noreferrer noopener\" href=\"https:\/\/staretloki.85studio.pl\/wp-content\/uploads\/2023\/04\/regulamin-rajd-BP_new.pdf\" data-type=\"URL\" data-id=\"https:\/\/staretloki.85studio.pl\/wp-content\/uploads\/2023\/04\/regulamin-rajd-BP_new.pdf\" target=\"_blank\"><img loading=\"lazy\" decoding=\"async\" width=\"50\" height=\"50\" class=\"wp-image-41\" style=\"width: 50px;\" src=\"https:\/\/staretloki.85studio.pl\/wp-content\/uploads\/2023\/04\/\u2014Pngtree\u2014vector-pdf-icon_4232036.png\" alt=\"\" srcset=\"https:\/\/staretloki.85studio.pl\/wp-content\/uploads\/2023\/04\/\u2014Pngtree\u2014vector-pdf-icon_4232036.png 1024w, https:\/\/staretloki.85studio.pl\/wp-content\/uploads\/2023\/04\/\u2014Pngtree\u2014vector-pdf-icon_4232036-300x300.png 300w, https:\/\/staretloki.85studio.pl\/wp-content\/uploads\/2023\/04\/\u2014Pngtree\u2014vector-pdf-icon_4232036-100x100.png 100w, https:\/\/staretloki.85studio.pl\/wp-content\/uploads\/2023\/04\/\u2014Pngtree\u2014vector-pdf-icon_4232036-600x600.png 600w, https:\/\/staretloki.85studio.pl\/wp-content\/uploads\/2023\/04\/\u2014Pngtree\u2014vector-pdf-icon_4232036-150x150.png 150w, https:\/\/staretloki.85studio.pl\/wp-content\/uploads\/2023\/04\/\u2014Pngtree\u2014vector-pdf-icon_4232036-768x768.png 768w\" sizes=\"auto, (max-width: 50px) 100vw, 50px\" \/><\/a><\/p>\n","protected":false},"excerpt":{"rendered":"<p>Zapraszamy wszystkich ch\u0119tnych do zg\u0142oszenia udzia\u0142u w I Rajdzie Starych T\u0142ok\u00f3w. Startujemy w sobot\u0119 27 maja z O\u015brodka &#8222;Przy Patykach&#8221;, Kolonia \u0141obudzice 18c, 97-425 ko\u0142o Zelowa. Do pokonania mamy oko\u0142o 150km, po drodze czekaj\u0105 na Was r\u00f3\u017cne zadania do wykonania. Rajd zako\u0144czy si\u0119 r\u00f3wnie\u017c w O\u015brodku &#8222;Przy Patykach&#8221;. Po drodze b\u0119dzie troch\u0119 historii i troch\u0119 [&hellip;]<\/p>\n","protected":false},"author":1,"featured_media":0,"parent":0,"menu_order":0,"comment_status":"closed","ping_status":"closed","template":"","meta":{"footnotes":""},"class_list":["post-2","page","type-page","status-publish","hentry"],"jetpack_sharing_enabled":true,"_links":{"self":[{"href":"https:\/\/staretloki.85studio.pl\/index.php\/wp-json\/wp\/v2\/pages\/2","targetHints":{"allow":["GET"]}}],"collection":[{"href":"https:\/\/staretloki.85studio.pl\/index.php\/wp-json\/wp\/v2\/pages"}],"about":[{"href":"https:\/\/staretloki.85studio.pl\/index.php\/wp-json\/wp\/v2\/types\/page"}],"author":[{"embeddable":true,"href":"https:\/\/staretloki.85studio.pl\/index.php\/wp-json\/wp\/v2\/users\/1"}],"replies":[{"embeddable":true,"href":"https:\/\/staretloki.85studio.pl\/index.php\/wp-json\/wp\/v2\/comments?post=2"}],"version-history":[{"count":24,"href":"https:\/\/staretloki.85studio.pl\/index.php\/wp-json\/wp\/v2\/pages\/2\/revisions"}],"predecessor-version":[{"id":90,"href":"https:\/\/staretloki.85studio.pl\/index.php\/wp-json\/wp\/v2\/pages\/2\/revisions\/90"}],"wp:attachment":[{"href":"https:\/\/staretloki.85studio.pl\/index.php\/wp-json\/wp\/v2\/media?parent=2"}],"curies":[{"name":"wp","href":"https:\/\/api.w.org\/{rel}","templated":true}]}}