{"id":619,"date":"2026-01-12T22:59:07","date_gmt":"2026-01-12T22:59:07","guid":{"rendered":"https:\/\/staretloki.85studio.pl\/?page_id=619"},"modified":"2026-02-18T21:21:55","modified_gmt":"2026-02-18T21:21:55","slug":"iv-rajd-starych-tlokow","status":"publish","type":"page","link":"https:\/\/staretloki.85studio.pl\/index.php\/iv-rajd-starych-tlokow\/","title":{"rendered":"IV Rajd Starych T\u0142ok\u00f3w"},"content":{"rendered":"\n<figure class=\"wp-block-image aligncenter size-large\"><img loading=\"lazy\" decoding=\"async\" width=\"1024\" height=\"512\" src=\"https:\/\/staretloki.85studio.pl\/wp-content\/uploads\/2026\/02\/fb_rajd_26_02-1024x512.png\" alt=\"\" class=\"wp-image-729\" srcset=\"https:\/\/staretloki.85studio.pl\/wp-content\/uploads\/2026\/02\/fb_rajd_26_02-1024x512.png 1024w, https:\/\/staretloki.85studio.pl\/wp-content\/uploads\/2026\/02\/fb_rajd_26_02-300x150.png 300w, https:\/\/staretloki.85studio.pl\/wp-content\/uploads\/2026\/02\/fb_rajd_26_02-768x384.png 768w, https:\/\/staretloki.85studio.pl\/wp-content\/uploads\/2026\/02\/fb_rajd_26_02-1536x768.png 1536w, https:\/\/staretloki.85studio.pl\/wp-content\/uploads\/2026\/02\/fb_rajd_26_02-2048x1024.png 2048w\" sizes=\"auto, (max-width: 1024px) 100vw, 1024px\" \/><\/figure>\n\n\n\n<p class=\"has-text-align-center has-base-color has-text-color has-background has-link-color has-large-font-size wp-elements-5fdf3ba8adceea3668bf7ac11f3f4921\" style=\"border-radius:12px;background-color:#74092d\"><strong>Zapraszamy wszystkich zarejestrowanych rajdowicz\u00f3w na START w sobot\u0119 30 maja 2026. <\/strong><\/p>\n\n\n\n<p class=\"has-text-align-center has-base-color has-vivid-red-background-color has-text-color has-background has-link-color has-large-font-size wp-elements-c99de50400085d335aac0c164ec074e6\" style=\"border-radius:12px\">REJESTRACJA ZAKO\u0143CZONA<\/p>\n\n\n\n<h3 class=\"wp-block-heading\" style=\"margin-top:var(--wp--preset--spacing--50);margin-right:var(--wp--preset--spacing--20);margin-bottom:var(--wp--preset--spacing--50);margin-left:var(--wp--preset--spacing--20)\">Start w sobot\u0119 30 maja 2026 z parkingu przy k\u0105pielisku \u201ePatyki\u201d, <br>Kolonia \u0141obudzice, 97-425 ko\u0142o Zelowa.<\/h3>\n\n\n\n<p>Motocykle wystartuj\u0105 o godzine&nbsp;<strong>8:00<\/strong>, samochody osobowe o godzinie<strong>&nbsp;8:15<\/strong>. Oczywi\u015bcie na rajd <strong>zarezerwujcie ca\u0142y dzie\u0144.<\/strong><br>Dlatego prosimy o przyjazd na miejsce do godziny&nbsp;<strong>7:30<\/strong>, tak by wystarczy\u0142o Wam czasu na odbi\u00f3r pakiet\u00f3w startowych, naklejenie numer\u00f3w oraz wst\u0119pne zapoznanie si\u0119 z tras\u0105 Rajdu.<br><strong>Wsp\u00f3\u0142rz\u0119dne<\/strong>&nbsp;<strong>miejsca startu<\/strong>: 51\u00b027&#8217;27.5&#8243;N 19\u00b015&#8217;42.3&#8243;E &nbsp;<a href=\"https:\/\/maps.app.goo.gl\/Z6cw7SXLsguTALoBA\" target=\"_blank\" rel=\"noreferrer noopener\"><strong>zobacz na mapie<\/strong><\/a>&nbsp;<a href=\"https:\/\/www.google.com\/maps\/place\/51%C2%B027'25.5%22N+19%C2%B015'41.3%22E\/@51.4570833,19.2614722,17z\/data=!3m1!4b1!4m4!3m3!8m2!3d51.4570833!4d19.2614722?entry=ttu\"><\/a><\/p>\n\n\n\n<p>W tym roku&nbsp;<strong>do pokonania mamy oko\u0142o<\/strong>&nbsp;<strong>200km<\/strong>. po drodze czekaj\u0105 na Was r\u00f3\u017cne zadania do wykonania. B\u0119dzie troch\u0119 historii i troch\u0119 natury, ale przede wszystkim du\u017co \u015bwietnej, starej motoryzacji. Zabierzcie rodzin\u0119 i znajomych, we\u017acie ze sob\u0105 swoje pociechy i du\u017co dobrego humoru!<\/p>\n\n\n\n<hr class=\"wp-block-separator has-alpha-channel-opacity\"\/>\n\n\n\n<h3 class=\"wp-block-heading\">W sk\u00f3rcie, aby wystartowa\u0107 w IV Rajdzie Starych T\u0142ok\u00f3w:<\/h3>\n\n\n\n<p><strong>1.&nbsp;<\/strong>Zapoznaj si\u0119 z&nbsp;Regulaminem Rajdu<br><strong>2.&nbsp;<\/strong>Dokonaj rejestracji poprzez formularz, kt\u00f3ry znajduje si\u0119 na dole tej strony. <br>Formularz b\u0119dzie aktywny od 14\/2\/2026 godz. 0:00 (Walentynki) do 22\/2\/2026 godz 23:59 lub do wyczerpania puli zarejestrowanych uczestnik\u00f3w.<strong><br>3.&nbsp;<\/strong>Rejestracja b\u0119dzie wa\u017cna tylko je\u015bli op\u0142acisz sw\u00f3j pakiet startowy a pieni\u0105dze zaksi\u0119guj\u0105 si\u0119 na naszym koncie do 72h od chwili Twojej rejestracji.<strong><br>4.&nbsp;<\/strong>Po wys\u0142aniu zg\u0142oszenia powinni\u015bcie otrzyma\u0107 na e-mail automatyczn\u0105 odpowied\u017a o jego przyj\u0119ciu i rejestracji wraz z przypomnieniem o wp\u0142acie, kwocie wp\u0142aty oraz numerem rachunku bankowego do wp\u0142at. Natomiast pozytywn\u0105 lub negatywn\u0105 weryfikacj\u0119 zg\u0142oszenia otrzymacie od nas na maila w informacji zwrotnej po zaksi\u0119gowaniu wp\u0142aty wpisowego. Oczekuj na akceptacj\u0119 mailow\u0105 Organizatora. (Powinni\u015bcie otrzyma\u0107 email z pozytywn\u0105 lub negatywn\u0105 weryfikacj\u0105 zg\u0142oszenia do 7 dni od rejestracji)<strong><br>5.&nbsp;<\/strong>Szykuj si\u0119 do Rajdu&nbsp;<\/p>\n\n\n\n<hr class=\"wp-block-separator has-alpha-channel-opacity\"\/>\n\n\n\n<h3 class=\"wp-block-heading\">Regulamin IV Rajdu Starych T\u0142ok\u00f3w \u2013 <a href=\"https:\/\/staretloki.85studio.pl\/wp-content\/uploads\/2026\/02\/regulamin_RAJD_2026.pdf\">pobierz PDF<\/a>&nbsp; <a href=\"https:\/\/staretloki.85studio.pl\/wp-content\/uploads\/2026\/02\/regulamin_RAJD_2026.pdf\" data-type=\"link\" data-id=\"https:\/\/staretloki.85studio.pl\/wp-content\/uploads\/2026\/02\/regulamin_RAJD_2026.pdf\"><img loading=\"lazy\" decoding=\"async\" width=\"50\" height=\"50\" class=\"wp-image-1048\" style=\"width: 50px;\" src=\"https:\/\/staretloki.85studio.pl\/wp-content\/uploads\/2026\/02\/pdf.png\" alt=\"\" srcset=\"https:\/\/staretloki.85studio.pl\/wp-content\/uploads\/2026\/02\/pdf.png 512w, https:\/\/staretloki.85studio.pl\/wp-content\/uploads\/2026\/02\/pdf-300x300.png 300w, https:\/\/staretloki.85studio.pl\/wp-content\/uploads\/2026\/02\/pdf-150x150.png 150w\" sizes=\"auto, (max-width: 50px) 100vw, 50px\" \/><\/a><a href=\"https:\/\/staretloki.85studio.pl\/wp-content\/uploads\/2024\/03\/regulamin-rajd-BP_new_2024.pdf\"><\/a><\/h3>\n\n\n\n<hr class=\"wp-block-separator has-alpha-channel-opacity\"\/>\n\n\n\n<h3 class=\"wp-block-heading\">Wa\u017cne info o rajdzie<\/h3>\n\n\n\n<p><strong>1<\/strong>. <strong>Nie \u015bcigamy si\u0119 na czas<\/strong>, to nie s\u0105 zawody sportowe. Spotykamy si\u0119 dla dobrej zabawy.<\/p>\n\n\n\n<p><strong>2.<\/strong>&nbsp;<strong>Trasa rajdu pozostanie tradycyjnie nieujawniona a\u017c do dnia startu.<\/strong><br><br><strong>3.<\/strong>&nbsp;Na starcie ka\u017cdy zesp\u00f3\u0142 otrzyma <strong>indywidualne numery startowe<\/strong> do naklejenia na sw\u00f3j pojazd (lub magnesy je\u015bli tak zdecydujecie podczas rejestracji), oraz <strong>paszport rajdu<\/strong>, z kt\u00f3rego dowiecie si\u0119 jaka jest trasa i jakie s\u0105 <strong>zadania do wykonania<\/strong>. Po drodze b\u0119dziecie mieli do odwiedzenia ciekawe miejsca i do wykonania r\u00f3\u017cne zadania. <br><br><strong>4<\/strong>.<strong> Do udzia\u0142u w Rajdzie zapraszamy wszystkich z pojazdami wyprodukowanymi&nbsp;do 1994<\/strong>&nbsp;roku oraz m\u0142odszymi unikatowymi\/wyj\u0105tkowymi pojazdami<br>(oczywi\u015bcie dopuszczone b\u0119d\u0105 wszystkie pojazdy z by\u0142ego bloku wschodniego m\u0142odsze ni\u017c 1994 (np. Lublin, Polonez Caro Plus, itp), ale r\u00f3wnie\u017c auta takie jak np. Volvo 940 1997), ka\u017cde zg\u0142oszenie m\u0142odszego auta zostanie indywidualnie zweryfikowane przez organizatora.<br>Ponadto je\u015bli auto jest wyprodukowane p\u00f3\u017aniej ni\u017c w 1994 roku to jednym z kryteri\u00f3w jest informacja czy model ten by\u0142 produkowany w takiej samej formie do 1994 roku. Je\u015bli tak &#8211; taki pojazd zostanie zaakceptowany.<\/p>\n\n\n\n<p><br><strong>5<\/strong>. <strong>Na rajd obowi\u0105zuj\u0105 zapisy. Rejestracji dokonuje KIEROWCA\/W\u0141A\u015aCICIEL POJAZDU, <\/strong><br>kt\u00f3ry jest jednocze\u015bnie LIDEREM ZA\u0141OGI za pomoc\u0105 formularza umieszczonego poni\u017cej.<br><strong>Formularz b\u0119dzie aktywny od 14\/2\/2026 godz. 0:00 (Walentynki) do 22\/2\/2026 godz 23:59 lub do wyczerpania puli zarejestrowanych uczestnik\u00f3w.<\/strong> <br><strong>WA\u017bNE: limit to 200 samochod\u00f3w \/ 50 motocykli<\/strong><\/p>\n\n\n\n<p>W przypadku osi\u0105gni\u0119cia limitu zarejestrowanych Za\u0142\u00f3g, mo\u017cliwo\u015b\u0107 rejestracji zostanie zablokowana do czasu weryfikacji zg\u0142osze\u0144, jej ponowne otwarcie uzale\u017cnione b\u0119dzie od dost\u0119pnych miejsc a data ponownego otwarcia formularza zostanie przedstawiona w informacji na naszym profilu <a href=\"https:\/\/www.facebook.com\/stare.tloki.zelow\" data-type=\"link\" data-id=\"https:\/\/www.facebook.com\/stare.tloki.zelow\">Facebook <\/a><br><br><strong>6<\/strong>. Na Rajd obowi\u0105zuje <strong>wpisowe<\/strong> w formie <strong>PAKIETU STARTOWEGO p\u0142atne<\/strong>&nbsp;<strong>tylko przelewem bankowym:<\/strong><br>&#8211; <strong>samochody <\/strong>i inne pojazdy o czterech ko\u0142ach:&nbsp;<strong>200z\u0142<\/strong><br>&#8211; <strong>motocykle<\/strong> i inne pojazdy o 2-3 ko\u0142ach:<strong>&nbsp;150z\u0142 <\/strong><br><br><strong>WA\u017bNE: na wp\u0142aty wpisowego czekamy 72h! od momentu wys\u0142ania formularza rejestracji, po tym czasie zg\u0142oszenie zostanie odrzucone.<\/strong><br><br><strong>\u2013 Je\u015bli dokonasz rejestracji, ale nie pojawisz si\u0119 na starcie i nie przyjedziesz na Rajd<\/strong> \u2013 nie zwracamy wpisowego. Wtedy Tw\u00f3j pakiet pozostaje do odbioru w siedzibie Studio 85, ul. Berylowa 1, 97-400 Be\u0142chat\u00f3w, po wcze\u015bniejszym um\u00f3wieniu telefonicznym tel. 609289839. Je\u015bli nie odbierzesz pakietu do 26.06.2026 \u2013 Tw\u00f3j pakiet przepada bezpowrotnie. Je\u017celi chcesz \u017ceby pakiet zosta\u0142 wys\u0142any prosimy o kontakt.<br>\u2013<strong> Je\u015bli dokonasz rejestracji, ale Tw\u00f3j pojazd zostanie przez nas odrzucony<\/strong> \u2013 zg\u0142oszenie b\u0119dzie niewa\u017cne a wpisowe zwr\u00f3cone na rachunek bankowy do 7 dni roboczych od dnia wp\u0142aty.<br><br><strong>7. W ramach wpisowego otrzymujecie:<\/strong><br>\u2013 <strong>1 koszulk\u0119 t-shirt<\/strong> z nadrukiem dwustronnym z grafik\u0105 z tej edycji rajdu, rozmiar i rodzaj koszulki wybieracie sami podczas rejestracji w formularzu<br>&#8211; <strong>kubek <\/strong>rajdowy<br>&#8211; <strong>plecak\/torba<\/strong> rajdowa<br>\u2013 <strong>numery startowe 2szt<\/strong> na pojazd,<br>\u2013 <strong>Paszport Rajdu z map\u0105 i list\u0105 zada\u0144<\/strong> do wykonania,<br>\u2013 pami\u0105tkow\u0105 <strong>smyczk\u0119 rajdow\u0105 <\/strong>oraz<strong> 2szt wlepek<\/strong> tej edycji Rajdu<br>&#8211; inne gad\u017cety (w tym od naszych Partner\u00f3w\/ Sponsor\u00f3w)<br>\u2013 po dojechaniu na met\u0119 otrzymacie r\u00f3wnie\u017c <strong>dyplomy uko\u0144czenia rajdu i statuetki<\/strong><br><br><strong>8. Dodatkowe koszulki.<\/strong><br>W formularzu rejestracyjnym b\u0119dziecie mogli zam\u00f3wi\u0107 wi\u0119cej koszulek w r\u00f3\u017cnych rozmiarach, koszt ka\u017cdej jednej dodatkowej koszulki to <strong>60z\u0142.<\/strong><br>Koszulki prezentuj\u0105 si\u0119 tak jak na zdj\u0119ciu poni\u017cej, dost\u0119pne s\u0105 kroje:<br>\u2013 damskie \u2013&nbsp;<a href=\"https:\/\/staretloki.85studio.pl\/wp-content\/uploads\/2024\/03\/129-product_size_damskie-scaled.jpg\" target=\"_blank\" rel=\"noreferrer noopener\">zobacz tabel\u0119 rozmiar\u00f3w<\/a><br>\u2013 m\u0119skie \u2013&nbsp;<a href=\"https:\/\/staretloki.85studio.pl\/wp-content\/uploads\/2026\/02\/koszulki_meskie_rajd_4xl.png\">zobacz tabel\u0119 rozmiar\u00f3w<\/a><br>\u2013 dzieci\u0119ce \u2013&nbsp;<a href=\"https:\/\/staretloki.85studio.pl\/wp-content\/uploads\/2024\/03\/138-product_size_dzieci-scaled.jpg\" target=\"_blank\" rel=\"noreferrer noopener\">zobacz tabel\u0119 rozmiar\u00f3w<\/a><\/p>\n\n\n\n<p>9. <strong>Numery Startowe<\/strong><br>Podczas rejestracji macie mo\u017cliwo\u015b\u0107 wyboru:<br>&#8211; <strong>klasyczne numery startowe w formie naklejek<\/strong> (bez dop\u0142at)<br>&#8211; <strong>numery na magnesach<\/strong> (dop\u0142ata dla numer\u00f3w na auta <strong>25z\u0142<\/strong>, na motocykle <strong>15z\u0142<\/strong>)<\/p>\n\n\n\n<figure class=\"wp-block-image size-large\"><img loading=\"lazy\" decoding=\"async\" width=\"1024\" height=\"512\" src=\"https:\/\/staretloki.85studio.pl\/wp-content\/uploads\/2026\/02\/koszulki_fb_post_2026_IV_rajd_www-1024x512.png\" alt=\"\" class=\"wp-image-728\" srcset=\"https:\/\/staretloki.85studio.pl\/wp-content\/uploads\/2026\/02\/koszulki_fb_post_2026_IV_rajd_www-1024x512.png 1024w, https:\/\/staretloki.85studio.pl\/wp-content\/uploads\/2026\/02\/koszulki_fb_post_2026_IV_rajd_www-300x150.png 300w, https:\/\/staretloki.85studio.pl\/wp-content\/uploads\/2026\/02\/koszulki_fb_post_2026_IV_rajd_www-768x384.png 768w, https:\/\/staretloki.85studio.pl\/wp-content\/uploads\/2026\/02\/koszulki_fb_post_2026_IV_rajd_www-1536x768.png 1536w, https:\/\/staretloki.85studio.pl\/wp-content\/uploads\/2026\/02\/koszulki_fb_post_2026_IV_rajd_www.png 1600w\" sizes=\"auto, (max-width: 1024px) 100vw, 1024px\" \/><\/figure>\n\n\n\n<p><\/p>\n","protected":false},"excerpt":{"rendered":"<p>Zapraszamy wszystkich zarejestrowanych rajdowicz\u00f3w na START w sobot\u0119 30 maja 2026. REJESTRACJA ZAKO\u0143CZONA Start w sobot\u0119 30 maja 2026 z parkingu przy k\u0105pielisku \u201ePatyki\u201d, Kolonia \u0141obudzice, 97-425 ko\u0142o Zelowa. Motocykle wystartuj\u0105 o godzine&nbsp;8:00, samochody osobowe o godzinie&nbsp;8:15. Oczywi\u015bcie na rajd zarezerwujcie ca\u0142y dzie\u0144.Dlatego prosimy o przyjazd na miejsce do godziny&nbsp;7:30, tak by wystarczy\u0142o Wam czasu [&hellip;]<\/p>\n","protected":false},"author":1,"featured_media":0,"parent":0,"menu_order":0,"comment_status":"closed","ping_status":"closed","template":"","meta":{"footnotes":""},"class_list":["post-619","page","type-page","status-publish","hentry"],"jetpack_sharing_enabled":true,"_links":{"self":[{"href":"https:\/\/staretloki.85studio.pl\/index.php\/wp-json\/wp\/v2\/pages\/619","targetHints":{"allow":["GET"]}}],"collection":[{"href":"https:\/\/staretloki.85studio.pl\/index.php\/wp-json\/wp\/v2\/pages"}],"about":[{"href":"https:\/\/staretloki.85studio.pl\/index.php\/wp-json\/wp\/v2\/types\/page"}],"author":[{"embeddable":true,"href":"https:\/\/staretloki.85studio.pl\/index.php\/wp-json\/wp\/v2\/users\/1"}],"replies":[{"embeddable":true,"href":"https:\/\/staretloki.85studio.pl\/index.php\/wp-json\/wp\/v2\/comments?post=619"}],"version-history":[{"count":11,"href":"https:\/\/staretloki.85studio.pl\/index.php\/wp-json\/wp\/v2\/pages\/619\/revisions"}],"predecessor-version":[{"id":1087,"href":"https:\/\/staretloki.85studio.pl\/index.php\/wp-json\/wp\/v2\/pages\/619\/revisions\/1087"}],"wp:attachment":[{"href":"https:\/\/staretloki.85studio.pl\/index.php\/wp-json\/wp\/v2\/media?parent=619"}],"curies":[{"name":"wp","href":"https:\/\/api.w.org\/{rel}","templated":true}]}}